{"id":607,"date":"2016-03-09T00:59:18","date_gmt":"2016-03-08T22:59:18","guid":{"rendered":"http:\/\/wordpress-13359-29135-128930.cloudwaysapps.com\/?page_id=607"},"modified":"2020-06-28T18:44:06","modified_gmt":"2020-06-28T15:44:06","slug":"gayrimenkul-uzmanlarimiz","status":"publish","type":"page","link":"https:\/\/www.keypoint.com.tr\/en\/gayrimenkul-uzmanlarimiz\/","title":{"rendered":"Gayrimenkul Uzmanlar\u0131m\u0131z"},"content":{"rendered":"<section class=\"wpb-content-wrapper\"><p>[vc_row 0=&#8221;&#8221;][vc_column 0=&#8221;&#8221;]\t\t<div\n\t\t\tclass=\"houzez-module module-title section-title-module text-center \">\n\t\t\t<h2>Gayrimenkul Dan\u0131\u015fmanlar\u0131m\u0131z<\/h2>\n\n\t\t\t<p class=\"sub-heading\">Dan\u0131\u015fmanlar\u0131m\u0131z ile Tan\u0131\u015f\u0131n<\/p>\n\t\t<\/div>\n\t\t\n        <!--start agents module-->\n        \n            \n            <script type=\"text\/javascript\">\n                jQuery(document).ready(function($){\n                    if($(\"#agents-carousel-ZHR1M\").length > 0){\n                        var owlAgents = $('#agents-carousel-ZHR1M');\n                        \n                        owlAgents.slick({\n                            rtl: false,\n                            lazyLoad: 'ondemand',\n                            infinite: true,\n                            speed: 300,\n                            slidesToShow: 4,\n                            arrows: true,\n                            adaptiveHeight: true,\n                            dots: true,\n                            appendArrows: '.agents-module-slider',\n                            prevArrow: $('.agents-prev-js'),\n                            nextArrow: $('.agents-next-js'),\n                            responsive: [{\n                                    breakpoint: 992,\n                                    settings: {\n                                        slidesToShow: 2,\n                                        slidesToScroll: 2\n                                    }\n                                },\n                                {\n                                    breakpoint: 769,\n                                    settings: {\n                                        slidesToShow: 1,\n                                        slidesToScroll: 1\n                                    }\n                                }\n                            ]\n                        });\n\n                    }\n                });\n            <\/script>\n\n            <div class=\"agents-module agents-module-slider\">\n                <div class=\"property-carousel-buttons-wrap\">\n                    <button type=\"button\" class=\"agents-prev-js slick-prev btn-primary-outlined\">Prev<\/button>\n                    <button type=\"button\" class=\"agents-next-js slick-next btn-primary-outlined\">Next<\/button>\n                <\/div><!-- property-carousel-buttons-wrap -->\n            \n                <div id=\"agents-carousel-ZHR1M\" class=\"agents-slider-wrap houzez-all-slider-wrap\">\n                    <div class=\"agent-item\">\n\t<div class=\"agent-thumb\">\n\t\t<a href=\"https:\/\/www.keypoint.com.tr\/en\/agent\/merveyasar\/\">\n\t\t\t<img decoding=\"async\" width=\"150\" height=\"150\" src=\"https:\/\/www.keypoint.com.tr\/wp-content\/uploads\/2019\/12\/merve-yasar-copy-min-scaled-e1617970407601-150x150.jpg\" class=\"img-fluid rounded-circle wp-post-image\" alt=\"\" \/>\t\t<\/a>\n\t<\/div>\n\n\t<div class=\"agent-info\">\n\t\t<div class=\"agent-name\">\n\t\t\t<a href=\"https:\/\/www.keypoint.com.tr\/en\/agent\/merveyasar\/\"><strong>Merve Ya\u015far<\/strong><\/a>\n\t\t<\/div>\n\n\t\t<div class=\"agent-company\">\n\t\t\t                Gayrimenkul ve Yat\u0131r\u0131m Uzman\u0131                            \t\t<\/div>\n\t<\/div>\n\t<div class=\"agent-body\">\n\t\t\t<\/div>\n\t<div class=\"agent-link\">\n\t\t<a href=\"https:\/\/www.keypoint.com.tr\/en\/agent\/merveyasar\/\"><\/a>\n\t<\/div>\n<\/div><div class=\"agent-item\">\n\t<div class=\"agent-thumb\">\n\t\t<a href=\"https:\/\/www.keypoint.com.tr\/en\/agent\/sevda-buzan\/\">\n\t\t\t<img decoding=\"async\" width=\"150\" height=\"150\" src=\"https:\/\/www.keypoint.com.tr\/wp-content\/uploads\/2019\/12\/sevdabuzan-150x150.jpg\" class=\"img-fluid rounded-circle wp-post-image\" alt=\"\" srcset=\"https:\/\/www.keypoint.com.tr\/wp-content\/uploads\/2019\/12\/sevdabuzan-150x150.jpg 150w, https:\/\/www.keypoint.com.tr\/wp-content\/uploads\/2019\/12\/sevdabuzan-350x350.jpg 350w\" sizes=\"(max-width: 150px) 100vw, 150px\" \/>\t\t<\/a>\n\t<\/div>\n\n\t<div class=\"agent-info\">\n\t\t<div class=\"agent-name\">\n\t\t\t<a href=\"https:\/\/www.keypoint.com.tr\/en\/agent\/sevda-buzan\/\"><strong>Sevda Buzan<\/strong><\/a>\n\t\t<\/div>\n\n\t\t<div class=\"agent-company\">\n\t\t\t                Gayrimenkul ve Yat\u0131r\u0131m Uzman\u0131                            \t\t<\/div>\n\t<\/div>\n\t<div class=\"agent-body\">\n\t\t\t<\/div>\n\t<div class=\"agent-link\">\n\t\t<a href=\"https:\/\/www.keypoint.com.tr\/en\/agent\/sevda-buzan\/\"><\/a>\n\t<\/div>\n<\/div><div class=\"agent-item\">\n\t<div class=\"agent-thumb\">\n\t\t<a href=\"https:\/\/www.keypoint.com.tr\/en\/agent\/tugce-toran\/\">\n\t\t\t<img decoding=\"async\" width=\"150\" height=\"150\" src=\"https:\/\/www.keypoint.com.tr\/wp-content\/uploads\/2020\/01\/WhatsApp-Image-2023-06-05-at-19.55.03-1-150x150.jpeg\" class=\"img-fluid rounded-circle wp-post-image\" alt=\"\" srcset=\"https:\/\/www.keypoint.com.tr\/wp-content\/uploads\/2020\/01\/WhatsApp-Image-2023-06-05-at-19.55.03-1-150x150.jpeg 150w, https:\/\/www.keypoint.com.tr\/wp-content\/uploads\/2020\/01\/WhatsApp-Image-2023-06-05-at-19.55.03-1-300x300.jpeg 300w, https:\/\/www.keypoint.com.tr\/wp-content\/uploads\/2020\/01\/WhatsApp-Image-2023-06-05-at-19.55.03-1-1024x1024.jpeg 1024w, https:\/\/www.keypoint.com.tr\/wp-content\/uploads\/2020\/01\/WhatsApp-Image-2023-06-05-at-19.55.03-1-768x768.jpeg 768w, https:\/\/www.keypoint.com.tr\/wp-content\/uploads\/2020\/01\/WhatsApp-Image-2023-06-05-at-19.55.03-1-600x600.jpeg 600w, https:\/\/www.keypoint.com.tr\/wp-content\/uploads\/2020\/01\/WhatsApp-Image-2023-06-05-at-19.55.03-1-496x496.jpeg 496w, https:\/\/www.keypoint.com.tr\/wp-content\/uploads\/2020\/01\/WhatsApp-Image-2023-06-05-at-19.55.03-1.jpeg 1080w\" sizes=\"(max-width: 150px) 100vw, 150px\" \/>\t\t<\/a>\n\t<\/div>\n\n\t<div class=\"agent-info\">\n\t\t<div class=\"agent-name\">\n\t\t\t<a href=\"https:\/\/www.keypoint.com.tr\/en\/agent\/tugce-toran\/\"><strong>Tu\u011f\u00e7e Toran<\/strong><\/a>\n\t\t<\/div>\n\n\t\t<div class=\"agent-company\">\n\t\t\t                Gayrimenkul ve Yat\u0131r\u0131m Uzman\u0131                            \t\t<\/div>\n\t<\/div>\n\t<div class=\"agent-body\">\n\t\t\t<\/div>\n\t<div class=\"agent-link\">\n\t\t<a href=\"https:\/\/www.keypoint.com.tr\/en\/agent\/tugce-toran\/\"><\/a>\n\t<\/div>\n<\/div><div class=\"agent-item\">\n\t<div class=\"agent-thumb\">\n\t\t<a href=\"https:\/\/www.keypoint.com.tr\/en\/agent\/muharrem-ali-yasar\/\">\n\t\t\t<img loading=\"lazy\" decoding=\"async\" width=\"150\" height=\"150\" src=\"https:\/\/www.keypoint.com.tr\/wp-content\/uploads\/2020\/01\/ali-ya\u015far-copyson-site-2-150x150.jpg\" class=\"img-fluid rounded-circle wp-post-image\" alt=\"\" \/>\t\t<\/a>\n\t<\/div>\n\n\t<div class=\"agent-info\">\n\t\t<div class=\"agent-name\">\n\t\t\t<a href=\"https:\/\/www.keypoint.com.tr\/en\/agent\/muharrem-ali-yasar\/\"><strong>Muharrem Ali Ya\u015far<\/strong><\/a>\n\t\t<\/div>\n\n\t\t<div class=\"agent-company\">\n\t\t\t                Broker                            \t\t<\/div>\n\t<\/div>\n\t<div class=\"agent-body\">\n\t\t\t<\/div>\n\t<div class=\"agent-link\">\n\t\t<a href=\"https:\/\/www.keypoint.com.tr\/en\/agent\/muharrem-ali-yasar\/\"><\/a>\n\t<\/div>\n<\/div><div class=\"agent-item\">\n\t<div class=\"agent-thumb\">\n\t\t<a href=\"https:\/\/www.keypoint.com.tr\/en\/agent\/olcan-yasar\/\">\n\t\t\t<img loading=\"lazy\" decoding=\"async\" width=\"150\" height=\"150\" src=\"https:\/\/www.keypoint.com.tr\/wp-content\/uploads\/2020\/02\/IMG_4198-150x150.jpg\" class=\"img-fluid rounded-circle wp-post-image\" alt=\"\" srcset=\"https:\/\/www.keypoint.com.tr\/wp-content\/uploads\/2020\/02\/IMG_4198-150x150.jpg 150w, https:\/\/www.keypoint.com.tr\/wp-content\/uploads\/2020\/02\/IMG_4198-300x300.jpg 300w, https:\/\/www.keypoint.com.tr\/wp-content\/uploads\/2020\/02\/IMG_4198-1024x1024.jpg 1024w, https:\/\/www.keypoint.com.tr\/wp-content\/uploads\/2020\/02\/IMG_4198-768x768.jpg 768w, https:\/\/www.keypoint.com.tr\/wp-content\/uploads\/2020\/02\/IMG_4198-600x600.jpg 600w, https:\/\/www.keypoint.com.tr\/wp-content\/uploads\/2020\/02\/IMG_4198-496x496.jpg 496w, https:\/\/www.keypoint.com.tr\/wp-content\/uploads\/2020\/02\/IMG_4198.jpg 1280w\" sizes=\"(max-width: 150px) 100vw, 150px\" \/>\t\t<\/a>\n\t<\/div>\n\n\t<div class=\"agent-info\">\n\t\t<div class=\"agent-name\">\n\t\t\t<a href=\"https:\/\/www.keypoint.com.tr\/en\/agent\/olcan-yasar\/\"><strong>Olcan Ya\u015far<\/strong><\/a>\n\t\t<\/div>\n\n\t\t<div class=\"agent-company\">\n\t\t\t                Gayrimenkul ve Yat\u0131r\u0131m Uzman\u0131                            \t\t<\/div>\n\t<\/div>\n\t<div class=\"agent-body\">\n\t\t\t<\/div>\n\t<div class=\"agent-link\">\n\t\t<a href=\"https:\/\/www.keypoint.com.tr\/en\/agent\/olcan-yasar\/\"><\/a>\n\t<\/div>\n<\/div><div class=\"agent-item\">\n\t<div class=\"agent-thumb\">\n\t\t<a href=\"https:\/\/www.keypoint.com.tr\/en\/agent\/tarikseckin\/\">\n\t\t\t<img loading=\"lazy\" decoding=\"async\" width=\"150\" height=\"150\" src=\"https:\/\/www.keypoint.com.tr\/wp-content\/uploads\/2020\/02\/IMG_4198-150x150.jpg\" class=\"img-fluid rounded-circle wp-post-image\" alt=\"\" srcset=\"https:\/\/www.keypoint.com.tr\/wp-content\/uploads\/2020\/02\/IMG_4198-150x150.jpg 150w, https:\/\/www.keypoint.com.tr\/wp-content\/uploads\/2020\/02\/IMG_4198-300x300.jpg 300w, https:\/\/www.keypoint.com.tr\/wp-content\/uploads\/2020\/02\/IMG_4198-1024x1024.jpg 1024w, https:\/\/www.keypoint.com.tr\/wp-content\/uploads\/2020\/02\/IMG_4198-768x768.jpg 768w, https:\/\/www.keypoint.com.tr\/wp-content\/uploads\/2020\/02\/IMG_4198-600x600.jpg 600w, https:\/\/www.keypoint.com.tr\/wp-content\/uploads\/2020\/02\/IMG_4198-496x496.jpg 496w, https:\/\/www.keypoint.com.tr\/wp-content\/uploads\/2020\/02\/IMG_4198.jpg 1280w\" sizes=\"(max-width: 150px) 100vw, 150px\" \/>\t\t<\/a>\n\t<\/div>\n\n\t<div class=\"agent-info\">\n\t\t<div class=\"agent-name\">\n\t\t\t<a href=\"https:\/\/www.keypoint.com.tr\/en\/agent\/tarikseckin\/\"><strong>Mustafa Se\u00e7kin<\/strong><\/a>\n\t\t<\/div>\n\n\t\t<div class=\"agent-company\">\n\t\t\t                Broker                            \t\t<\/div>\n\t<\/div>\n\t<div class=\"agent-body\">\n\t\t\t<\/div>\n\t<div class=\"agent-link\">\n\t\t<a href=\"https:\/\/www.keypoint.com.tr\/en\/agent\/tarikseckin\/\"><\/a>\n\t<\/div>\n<\/div><div class=\"agent-item\">\n\t<div class=\"agent-thumb\">\n\t\t<a href=\"https:\/\/www.keypoint.com.tr\/en\/agent\/adnan-erkal\/\">\n\t\t\t<img loading=\"lazy\" decoding=\"async\" width=\"150\" height=\"150\" src=\"https:\/\/www.keypoint.com.tr\/wp-content\/uploads\/2020\/10\/AdnanErkalson-e1617970094398-150x150.jpg\" class=\"img-fluid rounded-circle wp-post-image\" alt=\"\" \/>\t\t<\/a>\n\t<\/div>\n\n\t<div class=\"agent-info\">\n\t\t<div class=\"agent-name\">\n\t\t\t<a href=\"https:\/\/www.keypoint.com.tr\/en\/agent\/adnan-erkal\/\"><strong>(Turkish) Adnan Erkal<\/strong><\/a>\n\t\t<\/div>\n\n\t\t<div class=\"agent-company\">\n\t\t\t                Gayrimenkul ve Yat\u0131r\u0131m Dan\u0131\u015fman\u0131                            \t\t<\/div>\n\t<\/div>\n\t<div class=\"agent-body\">\n\t\t\t<\/div>\n\t<div class=\"agent-link\">\n\t\t<a href=\"https:\/\/www.keypoint.com.tr\/en\/agent\/adnan-erkal\/\"><\/a>\n\t<\/div>\n<\/div><div class=\"agent-item\">\n\t<div class=\"agent-thumb\">\n\t\t<a href=\"https:\/\/www.keypoint.com.tr\/en\/agent\/ahsen-firuze\/\">\n\t\t\t<img loading=\"lazy\" decoding=\"async\" width=\"150\" height=\"150\" src=\"https:\/\/www.keypoint.com.tr\/wp-content\/uploads\/2020\/01\/Logo-Atak\u00f6y-5.-y\u0131l-son-150x150.jpg\" class=\"img-fluid rounded-circle wp-post-image\" alt=\"\" srcset=\"https:\/\/www.keypoint.com.tr\/wp-content\/uploads\/2020\/01\/Logo-Atak\u00f6y-5.-y\u0131l-son-150x150.jpg 150w, https:\/\/www.keypoint.com.tr\/wp-content\/uploads\/2020\/01\/Logo-Atak\u00f6y-5.-y\u0131l-son-300x300.jpg 300w, https:\/\/www.keypoint.com.tr\/wp-content\/uploads\/2020\/01\/Logo-Atak\u00f6y-5.-y\u0131l-son-1024x1024.jpg 1024w, https:\/\/www.keypoint.com.tr\/wp-content\/uploads\/2020\/01\/Logo-Atak\u00f6y-5.-y\u0131l-son-768x768.jpg 768w, https:\/\/www.keypoint.com.tr\/wp-content\/uploads\/2020\/01\/Logo-Atak\u00f6y-5.-y\u0131l-son-600x600.jpg 600w, https:\/\/www.keypoint.com.tr\/wp-content\/uploads\/2020\/01\/Logo-Atak\u00f6y-5.-y\u0131l-son-496x496.jpg 496w, https:\/\/www.keypoint.com.tr\/wp-content\/uploads\/2020\/01\/Logo-Atak\u00f6y-5.-y\u0131l-son.jpg 1280w\" sizes=\"(max-width: 150px) 100vw, 150px\" \/>\t\t<\/a>\n\t<\/div>\n\n\t<div class=\"agent-info\">\n\t\t<div class=\"agent-name\">\n\t\t\t<a href=\"https:\/\/www.keypoint.com.tr\/en\/agent\/ahsen-firuze\/\"><strong>(Turkish) Ahsen Firuze<\/strong><\/a>\n\t\t<\/div>\n\n\t\t<div class=\"agent-company\">\n\t\t\t\t\t<\/div>\n\t<\/div>\n\t<div class=\"agent-body\">\n\t\t\t<\/div>\n\t<div class=\"agent-link\">\n\t\t<a href=\"https:\/\/www.keypoint.com.tr\/en\/agent\/ahsen-firuze\/\"><\/a>\n\t<\/div>\n<\/div><div class=\"agent-item\">\n\t<div class=\"agent-thumb\">\n\t\t<a href=\"https:\/\/www.keypoint.com.tr\/en\/agent\/cem-asut\/\">\n\t\t\t<img loading=\"lazy\" decoding=\"async\" width=\"150\" height=\"146\" src=\"https:\/\/www.keypoint.com.tr\/wp-content\/uploads\/2021\/09\/WhatsApp-Image-2021-09-23-at-16.55.12-e1646147429516.jpeg\" class=\"img-fluid rounded-circle wp-post-image\" alt=\"\" \/>\t\t<\/a>\n\t<\/div>\n\n\t<div class=\"agent-info\">\n\t\t<div class=\"agent-name\">\n\t\t\t<a href=\"https:\/\/www.keypoint.com.tr\/en\/agent\/cem-asut\/\"><strong>(Turkish) Cem A\u015fut<\/strong><\/a>\n\t\t<\/div>\n\n\t\t<div class=\"agent-company\">\n\t\t\t                Gayrimenkul ve Yat\u0131r\u0131m Dan\u0131\u015fman\u0131                            \t\t<\/div>\n\t<\/div>\n\t<div class=\"agent-body\">\n\t\t\t<\/div>\n\t<div class=\"agent-link\">\n\t\t<a href=\"https:\/\/www.keypoint.com.tr\/en\/agent\/cem-asut\/\"><\/a>\n\t<\/div>\n<\/div><div class=\"agent-item\">\n\t<div class=\"agent-thumb\">\n\t\t<a href=\"https:\/\/www.keypoint.com.tr\/en\/agent\/buke-tuncel\/\">\n\t\t\t<img loading=\"lazy\" decoding=\"async\" width=\"150\" height=\"150\" src=\"https:\/\/www.keypoint.com.tr\/wp-content\/uploads\/2021\/09\/Logo-Moi-7.yil-son-150x150.jpg\" class=\"img-fluid rounded-circle wp-post-image\" alt=\"\" srcset=\"https:\/\/www.keypoint.com.tr\/wp-content\/uploads\/2021\/09\/Logo-Moi-7.yil-son-150x150.jpg 150w, https:\/\/www.keypoint.com.tr\/wp-content\/uploads\/2021\/09\/Logo-Moi-7.yil-son-300x300.jpg 300w, https:\/\/www.keypoint.com.tr\/wp-content\/uploads\/2021\/09\/Logo-Moi-7.yil-son-1024x1024.jpg 1024w, https:\/\/www.keypoint.com.tr\/wp-content\/uploads\/2021\/09\/Logo-Moi-7.yil-son-768x768.jpg 768w, https:\/\/www.keypoint.com.tr\/wp-content\/uploads\/2021\/09\/Logo-Moi-7.yil-son-600x600.jpg 600w, https:\/\/www.keypoint.com.tr\/wp-content\/uploads\/2021\/09\/Logo-Moi-7.yil-son-496x496.jpg 496w, https:\/\/www.keypoint.com.tr\/wp-content\/uploads\/2021\/09\/Logo-Moi-7.yil-son.jpg 1280w\" sizes=\"(max-width: 150px) 100vw, 150px\" \/>\t\t<\/a>\n\t<\/div>\n\n\t<div class=\"agent-info\">\n\t\t<div class=\"agent-name\">\n\t\t\t<a href=\"https:\/\/www.keypoint.com.tr\/en\/agent\/buke-tuncel\/\"><strong>(Turkish) B\u00fcke Tuncel<\/strong><\/a>\n\t\t<\/div>\n\n\t\t<div class=\"agent-company\">\n\t\t\t                Gayrimenkul ve Yat\u0131r\u0131m Dan\u0131\u015fman\u0131                            \t\t<\/div>\n\t<\/div>\n\t<div class=\"agent-body\">\n\t\t\t<\/div>\n\t<div class=\"agent-link\">\n\t\t<a href=\"https:\/\/www.keypoint.com.tr\/en\/agent\/buke-tuncel\/\"><\/a>\n\t<\/div>\n<\/div>                <\/div>\n            <\/div>\n\n                <!--end post agents module-->\n\n\n        [\/vc_column][\/vc_row]<\/p>\n<\/section>","protected":false},"excerpt":{"rendered":"<p>[vc_row 0=&#8221;&#8221;][vc_column 0=&#8221;&#8221;][\/vc_column][\/vc_row]<\/p>\n","protected":false},"author":1,"featured_media":0,"parent":0,"menu_order":0,"comment_status":"closed","ping_status":"closed","template":"template\/template-homepage.php","meta":{"footnotes":""},"class_list":["post-607","page","type-page","status-publish","hentry"],"_links":{"self":[{"href":"https:\/\/www.keypoint.com.tr\/en\/wp-json\/wp\/v2\/pages\/607","targetHints":{"allow":["GET"]}}],"collection":[{"href":"https:\/\/www.keypoint.com.tr\/en\/wp-json\/wp\/v2\/pages"}],"about":[{"href":"https:\/\/www.keypoint.com.tr\/en\/wp-json\/wp\/v2\/types\/page"}],"author":[{"embeddable":true,"href":"https:\/\/www.keypoint.com.tr\/en\/wp-json\/wp\/v2\/users\/1"}],"replies":[{"embeddable":true,"href":"https:\/\/www.keypoint.com.tr\/en\/wp-json\/wp\/v2\/comments?post=607"}],"version-history":[{"count":14,"href":"https:\/\/www.keypoint.com.tr\/en\/wp-json\/wp\/v2\/pages\/607\/revisions"}],"predecessor-version":[{"id":6921,"href":"https:\/\/www.keypoint.com.tr\/en\/wp-json\/wp\/v2\/pages\/607\/revisions\/6921"}],"wp:attachment":[{"href":"https:\/\/www.keypoint.com.tr\/en\/wp-json\/wp\/v2\/media?parent=607"}],"curies":[{"name":"wp","href":"https:\/\/api.w.org\/{rel}","templated":true}]}}