{"id":692,"date":"2016-03-10T14:36:36","date_gmt":"2016-03-10T14:36:36","guid":{"rendered":"http:\/\/wordpress-13359-29135-128930.cloudwaysapps.com\/?page_id=692"},"modified":"2025-12-23T08:28:54","modified_gmt":"2025-12-23T08:28:54","slug":"hakkimizda","status":"publish","type":"page","link":"https:\/\/www.keypoint.com.tr\/en\/hakkimizda\/","title":{"rendered":"Hakk\u0131m\u0131zda"},"content":{"rendered":"<section class=\"wpb-content-wrapper\"><p>[vc_row 0=&#8221;&#8221;][vc_column 0=&#8221;&#8221; width=&#8221;1\/4&#8243;][vc_single_image image=&#8221;5800&#8243; img_size=&#8221;&#8221; css_animation=&#8221;fadeInLeft&#8221;][\/vc_column][vc_column width=&#8221;3\/4&#8243;][vc_column_text 0=&#8221;&#8221;]<\/p>\n<h2><span style=\"font-size: 16px;\">Keypoint T\u00fcrkiye, L\u00fcks Konut Projeleri ve Ticari Gayrimenkuller alan\u0131nda hizmet veren uzman gayrimenkul profesyonellerini b\u00fcnyesinde bulunduran, bunun yan\u0131 s\u0131ra t\u00fcm T\u00fcrkiye&#8217;deki Keypoint portf\u00f6yleri ile birinci s\u0131n\u0131f tam hizmet arac\u0131s\u0131d\u0131r. Marka bilinirli\u011fi her ge\u00e7en g\u00fcn artan Keypoint T\u00fcrkiye, gayrimenkul vizyonu ve muazzam kaynaklar\u0131ndan yararlanarak, sekt\u00f6rde benzersiz bir d\u00fczeyde farkl\u0131 hizmetler sunmaktad\u0131r. Yenilik\u00e7i ve yarat\u0131c\u0131 yakla\u015f\u0131mlarla , sekt\u00f6r\u00fcn en g\u00fcvenilir, en \u00e7ok tercih edilen markas\u0131 olmak yolunda m\u00fc\u015fterilerine \u00fcst\u00fcn kaliteli hizmet sunarak l\u00fcks m\u00fclklerin pazarlanmas\u0131 ve sat\u0131\u015f\u0131nda a\u00e7\u0131k bir ba\u015far\u0131 sergilemektedir.<\/span><\/h2>\n<p>[\/vc_column_text][\/vc_column][\/vc_row][vc_row 0=&#8221;&#8221;][vc_column 0=&#8221;&#8221; width=&#8221;1\/2&#8243; css=&#8221;.vc_custom_1589458262646{margin-top: 30px !important;}&#8221;][vc_column_text 0=&#8221;&#8221;]<\/p>\n<h2 class=\"p1\" style=\"text-align: center;\"><span style=\"color: #ff0000;\"><strong>Vizyonumuz<br \/>\n<\/strong><\/span><\/h2>\n<p>Yenilik\u00e7i yakla\u015f\u0131mlarla, sekt\u00f6r\u00fcn tercih edilen markas\u0131 olarak yerimizi bir ad\u0131m \u00f6ne ta\u015f\u0131makt\u0131r. En yarat\u0131c\u0131 ve yenilik\u00e7i hizmetleri sunarak, en \u00e7ok tercih edilen gayrimenkul firmas\u0131 olmak. Yapt\u0131\u011f\u0131m\u0131z i\u015fte en iyisi olmak[\/vc_column_text][\/vc_column][vc_column width=&#8221;1\/2&#8243; css=&#8221;.vc_custom_1589458289567{margin-top: 30px !important;}&#8221;][vc_column_text 0=&#8221;&#8221;]<\/p>\n<h2 style=\"text-align: center;\"><span style=\"color: #ff0000;\"><strong>Misyonumuz<\/strong><\/span><\/h2>\n<p style=\"text-align: center;\">Uzun y\u0131llara dayanan ge\u00e7mi\u015fimizden ald\u0131\u011f\u0131m\u0131z bilgi ve deneyimi, profesyonel ekip ve nitelikli insan kaynaklar\u0131m\u0131zla birle\u015ftirip uluslararas\u0131 standartlarda hizmet sunmakt\u0131r. M\u00fc\u015fterilerimizin en bilin\u00e7li \u015fekilde en do\u011fru gayrimenkul kararlar\u0131 almalar\u0131na olanak sa\u011flamak.<\/p>\n<p>[\/vc_column_text][\/vc_column][\/vc_row]<\/p>\n<\/section>","protected":false},"excerpt":{"rendered":"<p>[vc_row 0=&#8221;&#8221;][vc_column 0=&#8221;&#8221; width=&#8221;1\/4&#8243;][vc_single_image image=&#8221;5800&#8243; img_size=&#8221;&#8221; css_animation=&#8221;fadeInLeft&#8221;][\/vc_column][vc_column width=&#8221;3\/4&#8243;][vc_column_text 0=&#8221;&#8221;] Keypoint T\u00fcrkiye, L\u00fcks Konut Projeleri ve Ticari Gayrimenkuller alan\u0131nda hizmet veren uzman gayrimenkul profesyonellerini b\u00fcnyesinde bulunduran, bunun yan\u0131 s\u0131ra t\u00fcm T\u00fcrkiye&#8217;deki Keypoint portf\u00f6yleri ile birinci s\u0131n\u0131f tam hizmet arac\u0131s\u0131d\u0131r. Marka bilinirli\u011fi her ge\u00e7en g\u00fcn artan Keypoint T\u00fcrkiye, gayrimenkul vizyonu ve muazzam kaynaklar\u0131ndan yararlanarak, sekt\u00f6rde benzersiz bir [&hellip;]<\/p>\n","protected":false},"author":1,"featured_media":0,"parent":0,"menu_order":0,"comment_status":"closed","ping_status":"closed","template":"template\/template-page.php","meta":{"footnotes":""},"class_list":["post-692","page","type-page","status-publish","hentry"],"_links":{"self":[{"href":"https:\/\/www.keypoint.com.tr\/en\/wp-json\/wp\/v2\/pages\/692","targetHints":{"allow":["GET"]}}],"collection":[{"href":"https:\/\/www.keypoint.com.tr\/en\/wp-json\/wp\/v2\/pages"}],"about":[{"href":"https:\/\/www.keypoint.com.tr\/en\/wp-json\/wp\/v2\/types\/page"}],"author":[{"embeddable":true,"href":"https:\/\/www.keypoint.com.tr\/en\/wp-json\/wp\/v2\/users\/1"}],"replies":[{"embeddable":true,"href":"https:\/\/www.keypoint.com.tr\/en\/wp-json\/wp\/v2\/comments?post=692"}],"version-history":[{"count":34,"href":"https:\/\/www.keypoint.com.tr\/en\/wp-json\/wp\/v2\/pages\/692\/revisions"}],"predecessor-version":[{"id":12711,"href":"https:\/\/www.keypoint.com.tr\/en\/wp-json\/wp\/v2\/pages\/692\/revisions\/12711"}],"wp:attachment":[{"href":"https:\/\/www.keypoint.com.tr\/en\/wp-json\/wp\/v2\/media?parent=692"}],"curies":[{"name":"wp","href":"https:\/\/api.w.org\/{rel}","templated":true}]}}